{"id":2,"date":"2024-04-24T11:45:14","date_gmt":"2024-04-24T09:45:14","guid":{"rendered":"http:\/\/isabelledufranc.com\/?page_id=2"},"modified":"2025-01-14T17:04:33","modified_gmt":"2025-01-14T16:04:33","slug":"page-d-exemple","status":"publish","type":"page","link":"https:\/\/isabelledufranc.com\/","title":{"rendered":"Accueil"},"content":{"rendered":"\n<div style=\"height:60px\" aria-hidden=\"true\" class=\"wp-block-spacer\"><\/div>\n\n\n\n<div class=\"wp-block-columns radius has-background is-layout-flex wp-container-core-columns-is-layout-9d6595d7 wp-block-columns-is-layout-flex\" style=\"background-color:#eeece8\">\n<div class=\"wp-block-column is-vertically-aligned-center is-layout-flow wp-block-column-is-layout-flow\">\n<div style=\"height:30px\" aria-hidden=\"true\" class=\"wp-block-spacer\"><\/div>\n\n\n<div class=\"wp-block-image\">\n<figure class=\"alignright size-full\"><img loading=\"lazy\" decoding=\"async\" width=\"2016\" height=\"1512\" src=\"https:\/\/isabelledufranc.com\/wp-content\/uploads\/2024\/11\/cab150.jpg\" alt=\"\" class=\"wp-image-412\" srcset=\"https:\/\/isabelledufranc.com\/wp-content\/uploads\/2024\/11\/cab150.jpg 2016w, https:\/\/isabelledufranc.com\/wp-content\/uploads\/2024\/11\/cab150-300x225.jpg 300w, https:\/\/isabelledufranc.com\/wp-content\/uploads\/2024\/11\/cab150-1024x768.jpg 1024w, https:\/\/isabelledufranc.com\/wp-content\/uploads\/2024\/11\/cab150-768x576.jpg 768w, https:\/\/isabelledufranc.com\/wp-content\/uploads\/2024\/11\/cab150-1536x1152.jpg 1536w\" sizes=\"auto, (max-width: 2016px) 100vw, 2016px\" \/><\/figure>\n<\/div>\n\n\n<div style=\"height:10px\" aria-hidden=\"true\" class=\"wp-block-spacer\"><\/div>\n<\/div>\n\n\n\n<div class=\"wp-block-column is-vertically-aligned-center is-layout-flow wp-block-column-is-layout-flow\">\n<div style=\"height:30px\" aria-hidden=\"true\" class=\"wp-block-spacer\"><\/div>\n\n\n<div class=\"wp-block-image\">\n<figure class=\"aligncenter size-full is-resized\"><img loading=\"lazy\" decoding=\"async\" width=\"500\" height=\"150\" src=\"http:\/\/isabelledufranc.com\/wp-content\/uploads\/2024\/11\/gdlogo.png\" alt=\"\" class=\"wp-image-77\" style=\"width:339px;height:auto\" srcset=\"https:\/\/isabelledufranc.com\/wp-content\/uploads\/2024\/11\/gdlogo.png 500w, https:\/\/isabelledufranc.com\/wp-content\/uploads\/2024\/11\/gdlogo-300x90.png 300w\" sizes=\"auto, (max-width: 500px) 100vw, 500px\" \/><\/figure>\n<\/div>\n\n\n<p class=\"has-text-align-center\"><strong>Psychopraticienne<br>Th\u00e9rapeute de couple<br>Consultante en \u00e9volution professionnelle<\/strong><\/p>\n\n\n\n<div style=\"height:30px\" aria-hidden=\"true\" class=\"wp-block-spacer\"><\/div>\n\n\n\n<p class=\"has-text-align-center\"><strong>Sur rendez-vous<\/strong><br>2 impasse Pomi\u00e8s<br>11000 Carcassonne<br>06 72 94 72 62<br>isabelle.dufranc@gmail.com<\/p>\n\n\n\n<div style=\"height:25px\" aria-hidden=\"true\" class=\"wp-block-spacer\"><\/div>\n\n\n\n<div class=\"wp-block-buttons is-content-justification-center is-layout-flex wp-container-core-buttons-is-layout-16018d1d wp-block-buttons-is-layout-flex\">\n<div class=\"wp-block-button has-custom-width wp-block-button__width-50 has-custom-font-size is-style-fill\" style=\"font-size:15px\"><a class=\"wp-block-button__link has-black-color has-text-color has-background has-link-color wp-element-button\" href=\"https:\/\/isabelledufranc.com\/index.php\/infos-et-contact\/\" style=\"background-color:#cc9966\"><strong>Prendre rendez-vous<\/strong><\/a><\/div>\n<\/div>\n\n\n\n<div style=\"height:30px\" aria-hidden=\"true\" class=\"wp-block-spacer\"><\/div>\n\n\n\n<div style=\"height:25px\" aria-hidden=\"true\" class=\"wp-block-spacer\"><\/div>\n<\/div>\n\n\n\n<div class=\"wp-block-column is-layout-flow wp-block-column-is-layout-flow\" style=\"flex-basis:5%\"><\/div>\n<\/div>\n\n\n\n<div style=\"height:150px\" aria-hidden=\"true\" class=\"wp-block-spacer\"><\/div>\n\n\n\n<div class=\"wp-block-columns encadrement radiuscitron has-white-background-color has-background is-layout-flex wp-container-core-columns-is-layout-9d6595d7 wp-block-columns-is-layout-flex\">\n<div class=\"wp-block-column is-layout-flow wp-block-column-is-layout-flow\" style=\"flex-basis:10%\"><\/div>\n\n\n\n<div class=\"wp-block-column has-white-background-color has-background is-layout-flow wp-block-column-is-layout-flow\" style=\"flex-basis:80%\">\n<div style=\"height:20px\" aria-hidden=\"true\" class=\"wp-block-spacer\"><\/div>\n\n\n\n<p class=\"has-text-align-center has-text-color has-link-color has-medium-font-size wp-elements-4e390441b3146d82d5be76c0f1c0c2b9\" style=\"color:#8fa8a1\"><strong><br><br><br>Il est parfois n\u00e9cessaire et souhaitable de changer quelque chose dans sa vie, dans son couple ou dans sa situation professionnelle\u2026<\/strong><\/p>\n\n\n\n<p class=\"has-text-align-center\">Pour autant, il n\u2019est pas toujours \u00e9vident de savoir ce qui doit changer, par o\u00f9 commencer et vers quoi aller\u2026<\/p>\n\n\n\n<div style=\"height:30px\" aria-hidden=\"true\" class=\"wp-block-spacer\"><\/div>\n\n\n\n<div class=\"wp-block-columns radiuscitron has-background is-layout-flex wp-container-core-columns-is-layout-9d6595d7 wp-block-columns-is-layout-flex\" style=\"background-color:#8fa8a1\">\n<div class=\"wp-block-column is-layout-flow wp-block-column-is-layout-flow\" style=\"flex-basis:5%\"><\/div>\n\n\n\n<div class=\"wp-block-column is-vertically-aligned-bottom radius has-white-background-color has-background is-layout-flow wp-block-column-is-layout-flow\" style=\"flex-basis:45%\">\n<div style=\"height:20px\" aria-hidden=\"true\" class=\"wp-block-spacer\"><\/div>\n\n\n\n<p class=\"padding1\" style=\"font-size:16px\">Je me suis sp\u00e9cialis\u00e9e ces 10 derni\u00e8res ann\u00e9es, au fil de mes formations et de ma pratique, dans l\u2019accompagnement au changement, dans le respect du rythme et de la particularit\u00e9 de chacun. <\/p>\n\n\n\n<div class=\"wp-block-buttons has-custom-font-size has-small-font-size is-horizontal is-layout-flex wp-block-buttons-is-layout-flex\">\n<div class=\"wp-block-button has-custom-width wp-block-button__width-100 has-custom-font-size padding1\" style=\"font-size:12px\"><a class=\"wp-block-button__link has-background wp-element-button\" href=\"https:\/\/isabelledufranc.com\/index.php\/mon-parcours\/\" style=\"background-color:#8fa8a1\">En lire davantage sur mon parcours<\/a><\/div>\n<\/div>\n\n\n\n<div style=\"height:20px\" aria-hidden=\"true\" class=\"wp-block-spacer\"><\/div>\n\n\n\n<p><\/p>\n<\/div>\n\n\n\n<div class=\"wp-block-column radius is-layout-flow wp-block-column-is-layout-flow\" style=\"flex-basis:45%\">\n<div style=\"height:100px\" aria-hidden=\"true\" class=\"wp-block-spacer\"><\/div>\n\n\n\n<figure class=\"wp-block-image alignwide size-large radius\"><img loading=\"lazy\" decoding=\"async\" width=\"780\" height=\"1024\" src=\"https:\/\/isabelledufranc.com\/wp-content\/uploads\/2024\/11\/DSC_0333-Copie-780x1024.jpg\" alt=\"\" class=\"wp-image-111\" srcset=\"https:\/\/isabelledufranc.com\/wp-content\/uploads\/2024\/11\/DSC_0333-Copie-780x1024.jpg 780w, https:\/\/isabelledufranc.com\/wp-content\/uploads\/2024\/11\/DSC_0333-Copie-228x300.jpg 228w, https:\/\/isabelledufranc.com\/wp-content\/uploads\/2024\/11\/DSC_0333-Copie-768x1009.jpg 768w, https:\/\/isabelledufranc.com\/wp-content\/uploads\/2024\/11\/DSC_0333-Copie-1169x1536.jpg 1169w, https:\/\/isabelledufranc.com\/wp-content\/uploads\/2024\/11\/DSC_0333-Copie.jpg 1327w\" sizes=\"auto, (max-width: 780px) 100vw, 780px\" \/><\/figure>\n<\/div>\n\n\n\n<div class=\"wp-block-column is-layout-flow wp-block-column-is-layout-flow\" style=\"flex-basis:4%\"><\/div>\n<\/div>\n<\/div>\n\n\n\n<div class=\"wp-block-column is-layout-flow wp-block-column-is-layout-flow\" style=\"flex-basis:10%\"><\/div>\n<\/div>\n\n\n\n<div style=\"height:150px\" aria-hidden=\"true\" class=\"wp-block-spacer\"><\/div>\n\n\n\n<div class=\"wp-block-columns radiushaut has-background is-layout-flex wp-container-core-columns-is-layout-9d6595d7 wp-block-columns-is-layout-flex\" style=\"background-color:#eeece8\">\n<div class=\"wp-block-column is-layout-flow wp-block-column-is-layout-flow\" style=\"flex-basis:10%\"><\/div>\n\n\n\n<div class=\"wp-block-column is-layout-flow wp-block-column-is-layout-flow\" style=\"flex-basis:80%\">\n<div style=\"height:100px\" aria-hidden=\"true\" class=\"wp-block-spacer\"><\/div>\n\n\n\n<p class=\"has-text-align-center\"><strong>Install\u00e9e \u00e0 Carcassonne dans un espace professionnel accueillant et confidentiel, je mets au service de votre d\u00e9marche toutes les ressources que j\u2019ai r\u00e9unies<\/strong>.<\/p>\n\n\n\n<div style=\"height:50px\" aria-hidden=\"true\" class=\"wp-block-spacer\"><\/div>\n<\/div>\n\n\n\n<div class=\"wp-block-column is-layout-flow wp-block-column-is-layout-flow\" style=\"flex-basis:10%\"><\/div>\n<\/div>\n\n\n\n<div class=\"wp-block-columns has-background is-layout-flex wp-container-core-columns-is-layout-9d6595d7 wp-block-columns-is-layout-flex\" style=\"background-color:#eeece8\">\n<div class=\"wp-block-column is-layout-flow wp-block-column-is-layout-flow\" style=\"flex-basis:5px\"><\/div>\n\n\n\n<div class=\"wp-block-column radiuscitron2 has-white-background-color has-background is-layout-flow wp-block-column-is-layout-flow\">\n<div style=\"height:50px\" aria-hidden=\"true\" class=\"wp-block-spacer\"><\/div>\n\n\n\n<p class=\"has-text-align-center has-text-color has-link-color has-medium-font-size wp-elements-94bb7204accde88b51e010c2860c51a3\" style=\"color:#cc5a48\">Th\u00e9rapie individuelle<\/p>\n\n\n\n<div style=\"height:20px\" aria-hidden=\"true\" class=\"wp-block-spacer\"><\/div>\n\n\n\n<p class=\"padding1\">La psychoth\u00e9rapie aide \u00e0 surmonter les difficult\u00e9s et les angoisses diffuses (mal-\u00eatre, \u00e9puisement psychique, anxi\u00e9t\u00e9, d\u00e9pression, difficult\u00e9s relationnelle ou \u00e9motionnelles chroniques\u2026) ou li\u00e9es \u00e0 certaines \u00e9preuves de la vie (deuil, burnout, crise familiale, annonce d\u2019une maladie\u2026).<\/p>\n\n\n\n<div style=\"height:20px\" aria-hidden=\"true\" class=\"wp-block-spacer\"><\/div>\n\n\n\n<p class=\"has-text-align-center\"><strong><a href=\"https:\/\/isabelledufranc.com\/index.php\/therapie-individuelle\/\" data-type=\"page\" data-id=\"35\">En savoir plus<\/a><\/strong><\/p>\n\n\n\n<div style=\"height:60px\" aria-hidden=\"true\" class=\"wp-block-spacer\"><\/div>\n<\/div>\n\n\n\n<div class=\"wp-block-column radius has-white-background-color has-background is-layout-flow wp-block-column-is-layout-flow\">\n<div style=\"height:50px\" aria-hidden=\"true\" class=\"wp-block-spacer\"><\/div>\n\n\n\n<p class=\"has-text-align-center has-text-color has-link-color has-medium-font-size wp-elements-b97e400a4c6c8411f4f329220d0e0083\" style=\"color:#cc5a48\">Th\u00e9rapie de couple<\/p>\n\n\n\n<div style=\"height:20px\" aria-hidden=\"true\" class=\"wp-block-spacer\"><\/div>\n\n\n\n<p class=\"padding1\">Elle s\u2019adresse bien s\u00fbr aux couples qui traversent une crise et qui cherchent \u00e0 en sortir. Mais elle s\u2019adresse \u00e9galement aux couples qui souhaitent am\u00e9liorer leur communication et cr\u00e9er ainsi une relation vivante, authentique et joyeuse.<\/p>\n\n\n\n<div style=\"height:20px\" aria-hidden=\"true\" class=\"wp-block-spacer\"><\/div>\n\n\n\n<p class=\"has-text-align-center padding1\"><a href=\"https:\/\/isabelledufranc.com\/index.php\/therapie-de-couple\/\" data-type=\"page\" data-id=\"37\"><strong>En savoir plus<\/strong><\/a><\/p>\n<\/div>\n\n\n\n<div class=\"wp-block-column radiuscitron3 has-white-background-color has-background is-layout-flow wp-block-column-is-layout-flow\">\n<div style=\"height:50px\" aria-hidden=\"true\" class=\"wp-block-spacer\"><\/div>\n\n\n\n<p class=\"has-text-align-center has-text-color has-link-color has-medium-font-size wp-elements-b904fd01d11c5b3d07d0510873a3204d\" style=\"color:#cc5a48\">Bilan de comp\u00e9tence<\/p>\n\n\n\n<div style=\"height:20px\" aria-hidden=\"true\" class=\"wp-block-spacer\"><\/div>\n\n\n\n<p class=\"padding1\">Le bilan de comp\u00e9tences personnalis\u00e9 offre un espace de r\u00e9flexion et une m\u00e9thodologie efficace. Il permet de faire le point, d\u2019analyser les enjeux et de construire un projet d\u2019\u00e9volution professionnel pertinent.<\/p>\n\n\n\n<div style=\"height:20px\" aria-hidden=\"true\" class=\"wp-block-spacer\"><\/div>\n\n\n\n<p class=\"has-text-align-center padding1\"><strong><a href=\"https:\/\/isabelledufranc.com\/index.php\/bilan-de-competence\/\" data-type=\"page\" data-id=\"39\">En savoir plus<\/a><\/strong><\/p>\n<\/div>\n\n\n\n<div class=\"wp-block-column is-layout-flow wp-block-column-is-layout-flow\" style=\"flex-basis:5px\"><\/div>\n<\/div>\n\n\n\n<div class=\"wp-block-columns radiusbas has-background is-layout-flex wp-container-core-columns-is-layout-9d6595d7 wp-block-columns-is-layout-flex\" style=\"background-color:#eeece8\">\n<div class=\"wp-block-column is-layout-flow wp-block-column-is-layout-flow\">\n<div style=\"height:30px\" aria-hidden=\"true\" class=\"wp-block-spacer radiusbas\"><\/div>\n\n\n\n<p class=\"has-text-align-center\"><\/p>\n\n\n\n<div style=\"height:80px\" aria-hidden=\"true\" class=\"wp-block-spacer radiusbas\"><\/div>\n<\/div>\n<\/div>\n\n\n\n<div style=\"height:150px\" aria-hidden=\"true\" class=\"wp-block-spacer\"><\/div>\n\n\n\n<div class=\"wp-block-columns encadrement2 radiuscitron2 is-layout-flex wp-container-core-columns-is-layout-9d6595d7 wp-block-columns-is-layout-flex\">\n<div class=\"wp-block-column is-layout-flow wp-block-column-is-layout-flow\" style=\"flex-basis:7.5%\"><\/div>\n\n\n\n<div class=\"wp-block-column is-layout-flow wp-block-column-is-layout-flow\" style=\"flex-basis:60%\">\n<div style=\"height:20px\" aria-hidden=\"true\" class=\"wp-block-spacer\"><\/div>\n\n\n\n<div style=\"height:40px\" aria-hidden=\"true\" class=\"wp-block-spacer\"><\/div>\n\n\n\n<p class=\"has-text-align-center\" style=\"font-size:20px\"><strong>Vous pouvez me contacter au<\/strong><\/p>\n\n\n\n<p class=\"has-text-align-center has-text-color has-link-color has-large-font-size wp-elements-34e6b7b61a27914276401cd9e28a412d\" style=\"color:#cc9966\">06 72 94 72 62<\/p>\n\n\n\n<div style=\"height:50px\" aria-hidden=\"true\" class=\"wp-block-spacer\"><\/div>\n\n\n\n<p class=\"has-text-align-center has-black-color has-text-color has-link-color wp-elements-f513a8227ade3e0f3e275a7e57f2673f\">Je suis attach\u00e9e au travail en r\u00e9seau, chaque professionnel ayant son domaine d&rsquo;expertise, je pourrai donc vous mettre en contact avec des coll\u00e8gues comp\u00e9tents si vous avez besoin d\u2019un accompagnement compl\u00e9mentaire ou plus sp\u00e9cifique.<\/p>\n\n\n\n<div style=\"height:50px\" aria-hidden=\"true\" class=\"wp-block-spacer\"><\/div>\n<\/div>\n\n\n\n<div class=\"wp-block-column is-vertically-aligned-bottom is-layout-flow wp-block-column-is-layout-flow\" style=\"flex-basis:25%\">\n<figure class=\"wp-block-image size-full\"><img loading=\"lazy\" decoding=\"async\" width=\"537\" height=\"645\" src=\"https:\/\/isabelledufranc.com\/wp-content\/uploads\/2025\/01\/imago.png\" alt=\"\" class=\"wp-image-456\" srcset=\"https:\/\/isabelledufranc.com\/wp-content\/uploads\/2025\/01\/imago.png 537w, https:\/\/isabelledufranc.com\/wp-content\/uploads\/2025\/01\/imago-250x300.png 250w\" sizes=\"auto, (max-width: 537px) 100vw, 537px\" \/><\/figure>\n<\/div>\n\n\n\n<div class=\"wp-block-column is-layout-flow wp-block-column-is-layout-flow\" style=\"flex-basis:7.5%\"><\/div>\n<\/div>\n\n\n\n<p><\/p>\n","protected":false},"excerpt":{"rendered":"<p>PsychopraticienneTh\u00e9rapeute de coupleConsultante en \u00e9volution professionnelle Sur rendez-vous2 impasse Pomi\u00e8s11000 Carcassonne06 72 94 72 62isabelle.dufranc@gmail.com Il est parfois n\u00e9cessaire et souhaitable de changer quelque chose dans sa vie, dans son couple ou dans sa situation professionnelle\u2026 Pour autant, il n\u2019est pas toujours \u00e9vident de savoir ce qui doit changer, par o\u00f9 commencer et vers quoi [&hellip;]<\/p>\n","protected":false},"author":1,"featured_media":0,"parent":0,"menu_order":0,"comment_status":"closed","ping_status":"open","template":"","meta":{"footnotes":""},"class_list":["post-2","page","type-page","status-publish","hentry","entry"],"_links":{"self":[{"href":"https:\/\/isabelledufranc.com\/index.php\/wp-json\/wp\/v2\/pages\/2","targetHints":{"allow":["GET"]}}],"collection":[{"href":"https:\/\/isabelledufranc.com\/index.php\/wp-json\/wp\/v2\/pages"}],"about":[{"href":"https:\/\/isabelledufranc.com\/index.php\/wp-json\/wp\/v2\/types\/page"}],"author":[{"embeddable":true,"href":"https:\/\/isabelledufranc.com\/index.php\/wp-json\/wp\/v2\/users\/1"}],"replies":[{"embeddable":true,"href":"https:\/\/isabelledufranc.com\/index.php\/wp-json\/wp\/v2\/comments?post=2"}],"version-history":[{"count":271,"href":"https:\/\/isabelledufranc.com\/index.php\/wp-json\/wp\/v2\/pages\/2\/revisions"}],"predecessor-version":[{"id":481,"href":"https:\/\/isabelledufranc.com\/index.php\/wp-json\/wp\/v2\/pages\/2\/revisions\/481"}],"wp:attachment":[{"href":"https:\/\/isabelledufranc.com\/index.php\/wp-json\/wp\/v2\/media?parent=2"}],"curies":[{"name":"wp","href":"https:\/\/api.w.org\/{rel}","templated":true}]}}