{"id":35,"date":"2024-11-16T15:10:03","date_gmt":"2024-11-16T14:10:03","guid":{"rendered":"https:\/\/isabelledufranc.com\/?page_id=35"},"modified":"2025-01-14T17:21:57","modified_gmt":"2025-01-14T16:21:57","slug":"therapie-individuelle","status":"publish","type":"page","link":"https:\/\/isabelledufranc.com\/index.php\/therapie-individuelle\/","title":{"rendered":"Th\u00e9rapie individuelle"},"content":{"rendered":"\n<div style=\"height:100px\" aria-hidden=\"true\" class=\"wp-block-spacer\"><\/div>\n\n\n\n<div class=\"wp-block-columns is-layout-flex wp-container-core-columns-is-layout-9d6595d7 wp-block-columns-is-layout-flex\">\n<div class=\"wp-block-column radiuscitron4 has-background is-layout-flow wp-block-column-is-layout-flow\" style=\"background-color:#8fa8a1;flex-basis:33.33%\">\n<div style=\"height:50px\" aria-hidden=\"true\" class=\"wp-block-spacer\"><\/div>\n\n\n\n<p class=\"has-text-align-center has-white-color has-text-color has-link-color wp-elements-936197f0ab386a8e717ad451802366ba\" style=\"font-size:24px\">Th\u00e9rapie individuelle<br>\u00e0 Carcassonne<\/p>\n\n\n\n<div style=\"height:120px\" aria-hidden=\"true\" class=\"wp-block-spacer\"><\/div>\n\n\n\n<figure class=\"wp-block-image size-full is-resized\"><img loading=\"lazy\" decoding=\"async\" width=\"364\" height=\"495\" src=\"https:\/\/isabelledufranc.com\/wp-content\/uploads\/2025\/01\/therapie-individuelle-carcassonne.png\" alt=\"\" class=\"wp-image-482\" style=\"width:243px;height:auto\" srcset=\"https:\/\/isabelledufranc.com\/wp-content\/uploads\/2025\/01\/therapie-individuelle-carcassonne.png 364w, https:\/\/isabelledufranc.com\/wp-content\/uploads\/2025\/01\/therapie-individuelle-carcassonne-221x300.png 221w\" sizes=\"auto, (max-width: 364px) 100vw, 364px\" \/><\/figure>\n<\/div>\n\n\n\n<div class=\"wp-block-column is-layout-flow wp-block-column-is-layout-flow\" style=\"flex-basis:66.66%\">\n<div class=\"wp-block-group\"><div class=\"wp-block-group__inner-container is-layout-constrained wp-block-group-is-layout-constrained\">\n<div style=\"height:10px;width:0px\" aria-hidden=\"true\" class=\"wp-block-spacer\"><\/div>\n\n\n\n<p>L\u2019accompagnement individuel en psychoth\u00e9rapie permet de prendre le temps de comprendre ce qui pose probl\u00e8me pour ensuite trouver la voie qui permettra de sortir de la difficult\u00e9.<\/p>\n\n\n\n<p><br>L\u2019espace que je vous propose est <strong>strictement confidentiel et sans jugement<\/strong>. <br>Je vous re\u00e7ois pour un premier entretien qui permet de se rencontrer, d\u2019\u00e9changer sur votre demande, et sur les modalit\u00e9s d\u2019un \u00e9ventuel accompagnement. Je propose de faire 2 ou 3 s\u00e9ances d\u2019exploration avant de s\u2019engager dans un travail ensemble. Ce temps vous permet d\u2019exp\u00e9rimenter ma mani\u00e8re de travailler en m\u00eame temps qu\u2019il m\u2019aide \u00e0 mieux cerner les contours de votre demande pour \u00eatre s\u00fbre que je peux y r\u00e9pondre. Bien plus que la m\u00e9thode de th\u00e9rapie employ\u00e9e, les \u00e9tudes scientifiques convergent pour souligner que l\u2019\u00e9l\u00e9ment d\u00e9terminant dans la r\u00e9ussite d\u2019une psychoth\u00e9rapie est <strong>la qualit\u00e9 relationnelle entre le th\u00e9rapeute de la personne qui fait la th\u00e9rapie<\/strong>.<\/p>\n\n\n\n<p><br>J\u2019utilise pour faciliter cet accompagnement <strong>l\u2019Analyse Transactionnelle<\/strong> ainsi que d\u2019autres outils compl\u00e9mentaires (<strong>la th\u00e9rapie Act<\/strong> et <strong>l\u2019approche relationnelle Imago<\/strong> notamment).<br> <strong>Ces approches ont en commun d\u2019\u00eatre \u00ab humanistes \u00bb, ce qui signifie qu\u2019elles consid\u00e8rent chaque personne comme ayant en elle la possibilit\u00e9 de changement et les ressources potentielles n\u00e9cessaires \u00e0 la transformation<\/strong>. <\/p>\n\n\n\n<p><\/p>\n\n\n\n<p>Le th\u00e9rapeute s\u2019engage \u00e0 aider ce processus vers l\u2019autonomie dans le respect et le soutien.<\/p>\n<\/div><\/div>\n<\/div>\n<\/div>\n\n\n\n<div class=\"wp-block-columns is-layout-flex wp-container-core-columns-is-layout-9d6595d7 wp-block-columns-is-layout-flex\">\n<div class=\"wp-block-column is-layout-flow wp-block-column-is-layout-flow\">\n<div style=\"height:100px\" aria-hidden=\"true\" class=\"wp-block-spacer\"><\/div>\n\n\n\n<p class=\"has-text-align-center\" style=\"font-size:20px\">Pour prendre rendez-vous :<\/p>\n\n\n\n<p class=\"has-text-align-center has-text-color has-link-color wp-elements-759b9667155a026a6fb7c3019b236c9c\" style=\"color:#8fa8a1;font-size:34px\"> 06 72 94 72 62<\/p>\n\n\n\n<div style=\"height:100px\" aria-hidden=\"true\" class=\"wp-block-spacer\"><\/div>\n\n\n\n<p style=\"font-size:12px\">Documentations compl\u00e9mentaires: <\/p>\n\n\n\n<p style=\"font-size:12px\">Pour en savoir plus sur l\u2019Analyse Transactionnelle : rendez-vous sur le site de<a href=\"https:\/\/www.ifat-asso.org\/concepts-base\/\" target=\"_blank\" rel=\"noreferrer noopener\"> l\u2019Institut Fran\u00e7ais d\u2019Analyse Transactionnelle<\/a><br>Pour en savoir plus sur l\u2019approche relationnelle Imago : rendez-vous sur le site<a href=\"https:\/\/www.imago-france.fr\/page\/968014-presentation\" target=\"_blank\" rel=\"noreferrer noopener\"> Imago France<\/a><br>Pour en savoir plus sur la th\u00e9rapie ACT : je vous propose <a href=\"https:\/\/youtu.be\/0naw0cXRaoc?si=iwXmBJ7lyr699m3Z\" target=\"_blank\" rel=\"noreferrer noopener\">cette vid\u00e9o<\/a> <br>Vous pouvez \u00e9galement aller voir <a href=\"https:\/\/www.ff2p.fr\/etre-praticien-de-la-psychotherapie\/\" target=\"_blank\" rel=\"noreferrer noopener\">le site de la FF2P<\/a> dont je suis adh\u00e9rente et \u00e0 laquelle je me r\u00e9f\u00e8re en mati\u00e8re de charte \u00e9thique et professionnelle :<br><\/p>\n<\/div>\n<\/div>\n\n\n\n<div class=\"wp-block-columns is-layout-flex wp-container-core-columns-is-layout-9d6595d7 wp-block-columns-is-layout-flex\">\n<div class=\"wp-block-column is-layout-flow wp-block-column-is-layout-flow\" style=\"flex-basis:25%\"><\/div>\n\n\n\n<div class=\"wp-block-column is-layout-flow wp-block-column-is-layout-flow\" style=\"flex-basis:25%\"><\/div>\n\n\n\n<div class=\"wp-block-column is-layout-flow wp-block-column-is-layout-flow\" style=\"flex-basis:25%\"><\/div>\n\n\n\n<div class=\"wp-block-column is-layout-flow wp-block-column-is-layout-flow\" style=\"flex-basis:25%\"><\/div>\n<\/div>\n\n\n\n<p><\/p>\n","protected":false},"excerpt":{"rendered":"<p>Th\u00e9rapie individuelle\u00e0 Carcassonne L\u2019accompagnement individuel en psychoth\u00e9rapie permet de prendre le temps de comprendre ce qui pose probl\u00e8me pour ensuite trouver la voie qui permettra de sortir de la difficult\u00e9. L\u2019espace que je vous propose est strictement confidentiel et sans jugement. Je vous re\u00e7ois pour un premier entretien qui permet de se rencontrer, d\u2019\u00e9changer sur [&hellip;]<\/p>\n","protected":false},"author":1,"featured_media":0,"parent":0,"menu_order":0,"comment_status":"closed","ping_status":"closed","template":"","meta":{"footnotes":""},"class_list":["post-35","page","type-page","status-publish","hentry","entry"],"_links":{"self":[{"href":"https:\/\/isabelledufranc.com\/index.php\/wp-json\/wp\/v2\/pages\/35","targetHints":{"allow":["GET"]}}],"collection":[{"href":"https:\/\/isabelledufranc.com\/index.php\/wp-json\/wp\/v2\/pages"}],"about":[{"href":"https:\/\/isabelledufranc.com\/index.php\/wp-json\/wp\/v2\/types\/page"}],"author":[{"embeddable":true,"href":"https:\/\/isabelledufranc.com\/index.php\/wp-json\/wp\/v2\/users\/1"}],"replies":[{"embeddable":true,"href":"https:\/\/isabelledufranc.com\/index.php\/wp-json\/wp\/v2\/comments?post=35"}],"version-history":[{"count":36,"href":"https:\/\/isabelledufranc.com\/index.php\/wp-json\/wp\/v2\/pages\/35\/revisions"}],"predecessor-version":[{"id":491,"href":"https:\/\/isabelledufranc.com\/index.php\/wp-json\/wp\/v2\/pages\/35\/revisions\/491"}],"wp:attachment":[{"href":"https:\/\/isabelledufranc.com\/index.php\/wp-json\/wp\/v2\/media?parent=35"}],"curies":[{"name":"wp","href":"https:\/\/api.w.org\/{rel}","templated":true}]}}