{"id":37,"date":"2024-11-16T15:11:25","date_gmt":"2024-11-16T14:11:25","guid":{"rendered":"https:\/\/isabelledufranc.com\/?page_id=37"},"modified":"2025-01-14T17:39:53","modified_gmt":"2025-01-14T16:39:53","slug":"therapie-de-couple","status":"publish","type":"page","link":"https:\/\/isabelledufranc.com\/index.php\/therapie-de-couple\/","title":{"rendered":"Th\u00e9rapie de couple"},"content":{"rendered":"\n<div style=\"height:100px\" aria-hidden=\"true\" class=\"wp-block-spacer\"><\/div>\n\n\n\n<div class=\"wp-block-columns is-layout-flex wp-container-core-columns-is-layout-9d6595d7 wp-block-columns-is-layout-flex\">\n<div class=\"wp-block-column radiuscitron4 has-background is-layout-flow wp-block-column-is-layout-flow\" style=\"background-color:#cc5a48;flex-basis:33.33%\">\n<div style=\"height:50px\" aria-hidden=\"true\" class=\"wp-block-spacer\"><\/div>\n\n\n\n<p class=\"has-text-align-center has-white-color has-text-color has-link-color wp-elements-284b2af1fab879614f6e9830ce594a25\" style=\"font-size:24px\">Th\u00e9rapie de couple<\/p>\n\n\n\n<div style=\"height:120px\" aria-hidden=\"true\" class=\"wp-block-spacer\"><\/div>\n\n\n\n<figure class=\"wp-block-image size-full\"><img loading=\"lazy\" decoding=\"async\" width=\"541\" height=\"635\" src=\"https:\/\/isabelledufranc.com\/wp-content\/uploads\/2025\/01\/therapie-couple-carcassonne.png\" alt=\"\" class=\"wp-image-493\" srcset=\"https:\/\/isabelledufranc.com\/wp-content\/uploads\/2025\/01\/therapie-couple-carcassonne.png 541w, https:\/\/isabelledufranc.com\/wp-content\/uploads\/2025\/01\/therapie-couple-carcassonne-256x300.png 256w\" sizes=\"auto, (max-width: 541px) 100vw, 541px\" \/><\/figure>\n<\/div>\n\n\n\n<div class=\"wp-block-column is-layout-flow wp-block-column-is-layout-flow\" style=\"flex-basis:66.66%\">\n<p>\u00catre en couple est une \u00ab \u00e9vidence \u00bb et pourtant, c\u2019est loin d\u2019\u00eatre \u00e9vident tout le temps. <\/p>\n\n\n\n<p>Cette relation si centrale passe par des phases plus ou moins harmonieuses, est travers\u00e9e ou \u00e9clabouss\u00e9e par des crises de natures diverses\u2026 elle peut aussi s\u2019\u00e9teindre ou s\u2019essouffler. Avoir envie de rester avec l\u2019autre et \u00eatre pr\u00eat \u00e0 faire des efforts n\u2019est parfois pas suffisant \u00e0 retrouver un \u00e9quilibre solide et une relation vivante et apais\u00e9e. L\u2019accompagnement de couple permet d\u2019explorer en s\u00e9curit\u00e9 ce qui se passe dans l\u2019espace relationnel.<\/p>\n\n\n\n<p><br>Cette exploration peut donner des cl\u00e9s simples mais tr\u00e8s puissantes de communication et de connexion, elle peut aider chacun \u00e0 comprendre et \u00e0 prendre sa part de responsabilit\u00e9 dans la relation\u2026 et m\u00eame \u00e0 se soutenir mutuellement dans la croissance que permet la relation de couple. Elle peut \u00e9galement faciliter un travail de discernement (o\u00f9 chacun en est-t-il par rapport \u00e0 cet engagement ?), voire m\u00eame permettre de \u00ab r\u00e9ussir \u00bb sa s\u00e9paration (qui est trop souvent un moment o\u00f9 des nombreuses souffrances inutiles s\u2019ajoutent \u00e0 la souffrance normale et complexe qui accompagne la fin d\u2019une histoire).<\/p>\n\n\n\n<p><br>Concr\u00e8tement, je vous accueille pour une premi\u00e8re s\u00e9ance dans<strong> un espace sans jugement <\/strong>et vous partage ma <strong>mani\u00e8re de travailler<\/strong> pour que vous puissiez ensuite d\u00e9cider ensemble si cette approche vous convient.<br><strong>Je m\u2019appuie particuli\u00e8rement sur les outils de l\u2019approche relationnelle Imago et notamment sur le dialogue Imago dont la structure et les principes permettent d\u2019amener de la s\u00e9curit\u00e9, d\u2019explorer la racine des difficult\u00e9s<\/strong> (car le probl\u00e8me n\u2019est souvent pas le probl\u00e8me), et de trouver une mani\u00e8re apais\u00e9e de partager sa v\u00e9rit\u00e9 et d\u2019entendre celle de l\u2019autre.<\/p>\n<\/div>\n<\/div>\n\n\n\n<div class=\"wp-block-columns is-layout-flex wp-container-core-columns-is-layout-9d6595d7 wp-block-columns-is-layout-flex\">\n<div class=\"wp-block-column is-layout-flow wp-block-column-is-layout-flow\">\n<div style=\"height:100px\" aria-hidden=\"true\" class=\"wp-block-spacer\"><\/div>\n\n\n\n<p class=\"has-text-align-center\" style=\"font-size:20px\">Pour prendre rendez-vous :<\/p>\n\n\n\n<p class=\"has-text-align-center has-text-color has-link-color wp-elements-759b9667155a026a6fb7c3019b236c9c\" style=\"color:#8fa8a1;font-size:34px\"> 06 72 94 72 62<\/p>\n\n\n\n<div style=\"height:100px\" aria-hidden=\"true\" class=\"wp-block-spacer\"><\/div>\n\n\n\n<p style=\"font-size:12px\">Documentations compl\u00e9mentaires: <\/p>\n\n\n\n<p style=\"font-size:12px\">Pour en savoir plus sur l\u2019approche relationnelle Imago : rendez-vous sur le site<a href=\"https:\/\/www.imago-france.fr\/page\/968014-presentation\"> Imago France<\/a><br>Pour en savoir plus sur la th\u00e9rapie ACT : rendez-vous sur le site<br><\/p>\n<\/div>\n<\/div>\n","protected":false},"excerpt":{"rendered":"<p>Th\u00e9rapie de couple \u00catre en couple est une \u00ab \u00e9vidence \u00bb et pourtant, c\u2019est loin d\u2019\u00eatre \u00e9vident tout le temps. Cette relation si centrale passe par des phases plus ou moins harmonieuses, est travers\u00e9e ou \u00e9clabouss\u00e9e par des crises de natures diverses\u2026 elle peut aussi s\u2019\u00e9teindre ou s\u2019essouffler. Avoir envie de rester avec l\u2019autre et [&hellip;]<\/p>\n","protected":false},"author":1,"featured_media":0,"parent":0,"menu_order":0,"comment_status":"closed","ping_status":"closed","template":"","meta":{"footnotes":""},"class_list":["post-37","page","type-page","status-publish","hentry","entry"],"_links":{"self":[{"href":"https:\/\/isabelledufranc.com\/index.php\/wp-json\/wp\/v2\/pages\/37","targetHints":{"allow":["GET"]}}],"collection":[{"href":"https:\/\/isabelledufranc.com\/index.php\/wp-json\/wp\/v2\/pages"}],"about":[{"href":"https:\/\/isabelledufranc.com\/index.php\/wp-json\/wp\/v2\/types\/page"}],"author":[{"embeddable":true,"href":"https:\/\/isabelledufranc.com\/index.php\/wp-json\/wp\/v2\/users\/1"}],"replies":[{"embeddable":true,"href":"https:\/\/isabelledufranc.com\/index.php\/wp-json\/wp\/v2\/comments?post=37"}],"version-history":[{"count":18,"href":"https:\/\/isabelledufranc.com\/index.php\/wp-json\/wp\/v2\/pages\/37\/revisions"}],"predecessor-version":[{"id":499,"href":"https:\/\/isabelledufranc.com\/index.php\/wp-json\/wp\/v2\/pages\/37\/revisions\/499"}],"wp:attachment":[{"href":"https:\/\/isabelledufranc.com\/index.php\/wp-json\/wp\/v2\/media?parent=37"}],"curies":[{"name":"wp","href":"https:\/\/api.w.org\/{rel}","templated":true}]}}