{"id":39,"date":"2024-11-16T15:12:03","date_gmt":"2024-11-16T14:12:03","guid":{"rendered":"https:\/\/isabelledufranc.com\/?page_id=39"},"modified":"2025-01-14T17:47:48","modified_gmt":"2025-01-14T16:47:48","slug":"bilan-de-competence","status":"publish","type":"page","link":"https:\/\/isabelledufranc.com\/index.php\/bilan-de-competence\/","title":{"rendered":"Bilan de comp\u00e9tences"},"content":{"rendered":"\n<div class=\"wp-block-columns is-layout-flex wp-container-core-columns-is-layout-9d6595d7 wp-block-columns-is-layout-flex\">\n<div class=\"wp-block-column radiuscitron4 has-background is-layout-flow wp-block-column-is-layout-flow\" style=\"background-color:#cc9966;flex-basis:33.33%\">\n<div style=\"height:50px\" aria-hidden=\"true\" class=\"wp-block-spacer\"><\/div>\n\n\n\n<p class=\"has-text-align-center has-white-color has-text-color has-link-color wp-elements-81ebfd246444de02ea64f2507b8e3011\" style=\"font-size:24px\">Bilan de comp\u00e9tences<\/p>\n\n\n\n<div style=\"height:120px\" aria-hidden=\"true\" class=\"wp-block-spacer\"><\/div>\n\n\n\n<figure class=\"wp-block-image size-full is-resized\"><img loading=\"lazy\" decoding=\"async\" width=\"423\" height=\"635\" src=\"https:\/\/isabelledufranc.com\/wp-content\/uploads\/2025\/01\/bilan-competence-carcassonne.png\" alt=\"\" class=\"wp-image-501\" style=\"width:259px;height:auto\" srcset=\"https:\/\/isabelledufranc.com\/wp-content\/uploads\/2025\/01\/bilan-competence-carcassonne.png 423w, https:\/\/isabelledufranc.com\/wp-content\/uploads\/2025\/01\/bilan-competence-carcassonne-200x300.png 200w\" sizes=\"auto, (max-width: 423px) 100vw, 423px\" \/><\/figure>\n<\/div>\n\n\n\n<div class=\"wp-block-column is-vertically-aligned-center is-layout-flow wp-block-column-is-layout-flow\" style=\"flex-basis:66.66%\">\n<p>J\u2019accompagne depuis 2019 les personnes ayant besoin de construire un projet d\u2019\u00e9volution professionnelle, en collaboration avec l\u2019agence audoise CaRHo \u2013 Orientaction<\/p>\n\n\n\n<p>Le bilan de comp\u00e9tence permet :<\/p>\n\n\n\n<ul class=\"wp-block-list\">\n<li>de faire un point sur son parcours professionnel<\/li>\n<\/ul>\n\n\n\n<ul class=\"wp-block-list\">\n<li>de comprendre ce qui ne convient plus et surtout ce vers quoi se tourner : qu\u2019est-ce qui est important pour moi aujourd\u2019hui et vers quoi je souhaite aller ?<\/li>\n<\/ul>\n\n\n\n<ul class=\"wp-block-list\">\n<li>de mieux conna\u00eetre ses besoins, sa personnalit\u00e9 professionnelle, ses aspirations<\/li>\n<\/ul>\n\n\n\n<ul class=\"wp-block-list\">\n<li>de travailler la question du sens, centrale dans l\u2019engagement et l\u2019\u00e9panouissement professionnel<\/li>\n<\/ul>\n\n\n\n<ul class=\"wp-block-list\">\n<li>d\u2019identifier les possibilit\u00e9s d\u2019\u00e9volution professionnelle<\/li>\n<\/ul>\n\n\n\n<ul class=\"wp-block-list\">\n<li>de creuser ces id\u00e9es pour s\u2019assurer de leur faisabilit\u00e9<\/li>\n<\/ul>\n\n\n\n<ul class=\"wp-block-list\">\n<li>d\u2019identifier les difficult\u00e9s et d\u2019int\u00e9grer au projet les \u00e9l\u00e9ments permettant de les surmonter<\/li>\n<\/ul>\n\n\n\n<p><br><\/p>\n<\/div>\n<\/div>\n\n\n\n<div style=\"height:60px\" aria-hidden=\"true\" class=\"wp-block-spacer\"><\/div>\n\n\n\n<p><\/p>\n\n\n\n<p>En r\u00e9sum\u00e9, le bilan de comp\u00e9tences et un accompagnement personnalis\u00e9 approfondi, avec des outils et une m\u00e9thodologie efficaces et largement \u00e9prouv\u00e9s, qui permet de passer d\u2019une situation professionnelle probl\u00e9matique \u00e0 une dynamique de changement.<br>Vous repartez en effet de ce bilan avec un projet d\u2019\u00e9volution professionnelle d\u00e9taill\u00e9, r\u00e9aliste et r\u00e9alisable, en phase avec vos aspirations, vos comp\u00e9tences et la r\u00e9alit\u00e9 du march\u00e9 de l\u2019emploi.<br>L\u2019accompagnement s\u2019organise autour de s\u00e9ances individuelles de 2h en face \u00e0 face ou en visio si besoin. Le nombre de rendez-vous s\u2019adapte \u00e0 la sp\u00e9cificit\u00e9 de l\u2019accompagnement (il va g\u00e9n\u00e9ralement de 10h \u00e0 18h de face \u00e0 face, auquel il faut ajouter le temps de travail et de pr\u00e9paration entre les rendez-vous).<\/p>\n\n\n\n<p>Le bilan de comp\u00e9tences \u00e9tant reconnu par la loi comme un temps de formation professionnelle, il existe des possibilit\u00e9s de prise en charge partielle ou totale. Nous abordons ce point lors de l\u2019entretien d\u2019information propos\u00e9 gratuitement et sans engagement \u00e0 toute personne qui envisage de faire un bilan de comp\u00e9tences.<br>Si vous avez des questions sur le bilan de comp\u00e9tences ou si vous souhaitez obtenir un rendez-vous d\u2019information, vous pouvez me joindre au <\/p>\n\n\n\n<p>06 72 94 72 62, celui ci est gratuit et sans engagement. <\/p>\n\n\n\n<p><\/p>\n","protected":false},"excerpt":{"rendered":"<p>Bilan de comp\u00e9tences J\u2019accompagne depuis 2019 les personnes ayant besoin de construire un projet d\u2019\u00e9volution professionnelle, en collaboration avec l\u2019agence audoise CaRHo \u2013 Orientaction Le bilan de comp\u00e9tence permet : En r\u00e9sum\u00e9, le bilan de comp\u00e9tences et un accompagnement personnalis\u00e9 approfondi, avec des outils et une m\u00e9thodologie efficaces et largement \u00e9prouv\u00e9s, qui permet de passer [&hellip;]<\/p>\n","protected":false},"author":1,"featured_media":0,"parent":0,"menu_order":0,"comment_status":"closed","ping_status":"closed","template":"","meta":{"footnotes":""},"class_list":["post-39","page","type-page","status-publish","hentry","entry"],"_links":{"self":[{"href":"https:\/\/isabelledufranc.com\/index.php\/wp-json\/wp\/v2\/pages\/39","targetHints":{"allow":["GET"]}}],"collection":[{"href":"https:\/\/isabelledufranc.com\/index.php\/wp-json\/wp\/v2\/pages"}],"about":[{"href":"https:\/\/isabelledufranc.com\/index.php\/wp-json\/wp\/v2\/types\/page"}],"author":[{"embeddable":true,"href":"https:\/\/isabelledufranc.com\/index.php\/wp-json\/wp\/v2\/users\/1"}],"replies":[{"embeddable":true,"href":"https:\/\/isabelledufranc.com\/index.php\/wp-json\/wp\/v2\/comments?post=39"}],"version-history":[{"count":14,"href":"https:\/\/isabelledufranc.com\/index.php\/wp-json\/wp\/v2\/pages\/39\/revisions"}],"predecessor-version":[{"id":505,"href":"https:\/\/isabelledufranc.com\/index.php\/wp-json\/wp\/v2\/pages\/39\/revisions\/505"}],"wp:attachment":[{"href":"https:\/\/isabelledufranc.com\/index.php\/wp-json\/wp\/v2\/media?parent=39"}],"curies":[{"name":"wp","href":"https:\/\/api.w.org\/{rel}","templated":true}]}}