{"id":449,"date":"2024-12-04T14:05:42","date_gmt":"2024-12-04T13:05:42","guid":{"rendered":"https:\/\/isabelledufranc.com\/?page_id=449"},"modified":"2024-12-04T14:05:42","modified_gmt":"2024-12-04T13:05:42","slug":"mentions-legales","status":"publish","type":"page","link":"https:\/\/isabelledufranc.com\/index.php\/mentions-legales\/","title":{"rendered":"Mentions L\u00e9gales"},"content":{"rendered":"\n<p>Isabelle Dufranc, 45 all\u00e9e d&rsquo;I\u00e9na, 11000 Carcassonne, 06 72 94 72 62<br>isabelle.dufranc@gmail.com<br>Registre national des entreprises. Num\u00e9ro Siret : 752 452 318 00039<\/p>\n\n\n\n<p>Directeur de publication du site : Isabelle Dufranc<br>H\u00e9bergeur : OVH + adresse<br>Images et cr\u00e9dits du site : Amanda Jo Isabelle Dufranc et Lucie Dufranc. <\/p>\n\n\n\n<p><\/p>\n","protected":false},"excerpt":{"rendered":"<p>Isabelle Dufranc, 45 all\u00e9e d&rsquo;I\u00e9na, 11000 Carcassonne, 06 72 94 72 62isabelle.dufranc@gmail.comRegistre national des entreprises. Num\u00e9ro Siret : 752 452 318 00039 Directeur de publication du site : Isabelle DufrancH\u00e9bergeur : OVH + adresseImages et cr\u00e9dits du site : Amanda Jo Isabelle Dufranc et Lucie Dufranc.<\/p>\n","protected":false},"author":1,"featured_media":0,"parent":0,"menu_order":0,"comment_status":"closed","ping_status":"closed","template":"","meta":{"footnotes":""},"class_list":["post-449","page","type-page","status-publish","hentry","entry"],"_links":{"self":[{"href":"https:\/\/isabelledufranc.com\/index.php\/wp-json\/wp\/v2\/pages\/449","targetHints":{"allow":["GET"]}}],"collection":[{"href":"https:\/\/isabelledufranc.com\/index.php\/wp-json\/wp\/v2\/pages"}],"about":[{"href":"https:\/\/isabelledufranc.com\/index.php\/wp-json\/wp\/v2\/types\/page"}],"author":[{"embeddable":true,"href":"https:\/\/isabelledufranc.com\/index.php\/wp-json\/wp\/v2\/users\/1"}],"replies":[{"embeddable":true,"href":"https:\/\/isabelledufranc.com\/index.php\/wp-json\/wp\/v2\/comments?post=449"}],"version-history":[{"count":1,"href":"https:\/\/isabelledufranc.com\/index.php\/wp-json\/wp\/v2\/pages\/449\/revisions"}],"predecessor-version":[{"id":450,"href":"https:\/\/isabelledufranc.com\/index.php\/wp-json\/wp\/v2\/pages\/449\/revisions\/450"}],"wp:attachment":[{"href":"https:\/\/isabelledufranc.com\/index.php\/wp-json\/wp\/v2\/media?parent=449"}],"curies":[{"name":"wp","href":"https:\/\/api.w.org\/{rel}","templated":true}]}}