{"id":45,"date":"2024-11-16T15:14:43","date_gmt":"2024-11-16T14:14:43","guid":{"rendered":"https:\/\/isabelledufranc.com\/?page_id=45"},"modified":"2025-01-14T23:56:12","modified_gmt":"2025-01-14T22:56:12","slug":"infos-et-contact","status":"publish","type":"page","link":"https:\/\/isabelledufranc.com\/index.php\/infos-et-contact\/","title":{"rendered":"Infos et contact"},"content":{"rendered":"\n<div class=\"wp-block-columns radius has-background is-layout-flex wp-container-core-columns-is-layout-9d6595d7 wp-block-columns-is-layout-flex\" style=\"background-color:#eeece8\">\n<div class=\"wp-block-column is-vertically-aligned-center is-layout-flow wp-block-column-is-layout-flow\">\n<div style=\"height:30px\" aria-hidden=\"true\" class=\"wp-block-spacer\"><\/div>\n\n\n<div class=\"wp-block-image\">\n<figure class=\"aligncenter size-full is-resized\"><img loading=\"lazy\" decoding=\"async\" width=\"500\" height=\"150\" src=\"http:\/\/isabelledufranc.com\/wp-content\/uploads\/2024\/11\/gdlogo.png\" alt=\"\" class=\"wp-image-77\" style=\"width:339px;height:auto\" srcset=\"https:\/\/isabelledufranc.com\/wp-content\/uploads\/2024\/11\/gdlogo.png 500w, https:\/\/isabelledufranc.com\/wp-content\/uploads\/2024\/11\/gdlogo-300x90.png 300w\" sizes=\"auto, (max-width: 500px) 100vw, 500px\" \/><\/figure>\n<\/div>\n\n\n<p class=\"has-text-align-center\"><strong>Psychopraticienne<br>Th\u00e9rapeute de couple<br>Consultante en \u00e9volution professionnelle<\/strong><\/p>\n\n\n\n<div style=\"height:30px\" aria-hidden=\"true\" class=\"wp-block-spacer\"><\/div>\n\n\n\n<p class=\"has-text-align-center\">Je vous accueille <strong>sur rendez-vous<\/strong><br><\/p>\n\n\n\n<p class=\"has-text-align-center has-large-font-size\">06 72 94 72 62<\/p>\n\n\n\n<p class=\"has-text-align-center\"><br>ou par mail <br>isabelle.dufranc@gmail.com<\/p>\n\n\n\n<div style=\"height:25px\" aria-hidden=\"true\" class=\"wp-block-spacer\"><\/div>\n\n\n\n<div style=\"height:30px\" aria-hidden=\"true\" class=\"wp-block-spacer\"><\/div>\n\n\n\n<div style=\"height:25px\" aria-hidden=\"true\" class=\"wp-block-spacer\"><\/div>\n<\/div>\n\n\n\n<div class=\"wp-block-column is-vertically-aligned-center is-layout-flow wp-block-column-is-layout-flow\">\n<div style=\"height:30px\" aria-hidden=\"true\" class=\"wp-block-spacer\"><\/div>\n\n\n<div class=\"wp-block-image\">\n<figure class=\"alignleft size-full is-resized\"><img loading=\"lazy\" decoding=\"async\" width=\"888\" height=\"1269\" src=\"https:\/\/isabelledufranc.com\/wp-content\/uploads\/2025\/01\/psychoterapie-carcassonne.jpg\" alt=\"\" class=\"wp-image-506\" style=\"width:258px;height:auto\" srcset=\"https:\/\/isabelledufranc.com\/wp-content\/uploads\/2025\/01\/psychoterapie-carcassonne.jpg 888w, https:\/\/isabelledufranc.com\/wp-content\/uploads\/2025\/01\/psychoterapie-carcassonne-210x300.jpg 210w, https:\/\/isabelledufranc.com\/wp-content\/uploads\/2025\/01\/psychoterapie-carcassonne-717x1024.jpg 717w, https:\/\/isabelledufranc.com\/wp-content\/uploads\/2025\/01\/psychoterapie-carcassonne-768x1098.jpg 768w\" sizes=\"auto, (max-width: 888px) 100vw, 888px\" \/><\/figure>\n<\/div>\n\n\n<div style=\"height:10px\" aria-hidden=\"true\" class=\"wp-block-spacer\"><\/div>\n<\/div>\n<\/div>\n\n\n\n<div style=\"height:100px\" aria-hidden=\"true\" class=\"wp-block-spacer\"><\/div>\n\n\n\n<div class=\"wp-block-columns is-layout-flex wp-container-core-columns-is-layout-9d6595d7 wp-block-columns-is-layout-flex\">\n<div class=\"wp-block-column is-layout-flow wp-block-column-is-layout-flow\" style=\"flex-basis:5px\"><\/div>\n\n\n\n<div class=\"wp-block-column is-vertically-aligned-center has-background is-layout-flow wp-block-column-is-layout-flow\" style=\"background-color:#eeece8;flex-basis:50%\">\n<div style=\"height:100px\" aria-hidden=\"true\" class=\"wp-block-spacer\"><\/div>\n\n\n\n<p class=\"has-text-align-center\">Mon cabinet est situ\u00e9 <\/p>\n\n\n\n<p class=\"has-text-align-center\"><strong>2 impasse Pomi\u00e8s<br>11000 Carcassonne<\/strong><\/p>\n\n\n\n<div style=\"height:50px\" aria-hidden=\"true\" class=\"wp-block-spacer\"><\/div>\n\n\n<div class='wpgmza_map_wrapper'><div id=\"wpgmza_map_block_1\" class=\"wpgmza_map wpgmza_standalone_map_block wpgmza-auto-center\" style=\"display:block;width:100%;height:400px;overflow:hidden;position:relative;\" data-maps-engine=\"open-layers\" data-build-engine=\"standalone-block\" data-icon=\"https:\/\/isabelledufranc.com\/wp-content\/plugins\/wp-go-maps-block\/images\/icon.png\" data-lat=\"43.2131664\" data-lng=\"2.3448967\" data-zoom=\"15\" data-address=\"\" data-infowindow-mode=\"click\" ><\/div><\/div><\/div>\n\n\n\n<div class=\"wp-block-column radiuscitron2 encadrement2 has-white-background-color has-background is-layout-flow wp-block-column-is-layout-flow\">\n<div style=\"height:50px\" aria-hidden=\"true\" class=\"wp-block-spacer\"><\/div>\n\n\n\n<p class=\"has-text-align-center has-text-color has-link-color has-medium-font-size wp-elements-63283ceb4aac752f5a79e7e33243174e\" style=\"color:#cc5a48\">Tarif<br>Th\u00e9rapie individuelle<\/p>\n\n\n\n<p class=\"has-text-align-center padding1\">50\u20ac la s\u00e9ance d&rsquo;une heure<\/p>\n\n\n\n<div style=\"height:20px\" aria-hidden=\"true\" class=\"wp-block-spacer\"><\/div>\n\n\n\n<p class=\"has-text-align-center has-text-color has-link-color has-medium-font-size wp-elements-2512294e2513372478f800072b0fd8c7\" style=\"color:#cc5a48\">Tarif<br>Th\u00e9rapie de couple<\/p>\n\n\n\n<p class=\"has-text-align-center padding1\">60\u20ac la s\u00e9ance d&rsquo;une heure<\/p>\n\n\n\n<p class=\"has-text-align-center has-text-color has-link-color has-medium-font-size wp-elements-2cc607c1dd0682772c405e7895733dd9\" style=\"color:#cc5a48\">Tarif<br>Bilan de comp\u00e9tence<\/p>\n\n\n\n<p class=\"has-text-align-center padding1\">RDV d&rsquo;information GRATUIT dans lequel sera abord\u00e9 les diff\u00e9rents modes de financement.<\/p>\n<\/div>\n\n\n\n<div class=\"wp-block-column is-layout-flow wp-block-column-is-layout-flow\" style=\"flex-basis:5px\"><\/div>\n<\/div>\n","protected":false},"excerpt":{"rendered":"<p>PsychopraticienneTh\u00e9rapeute de coupleConsultante en \u00e9volution professionnelle Je vous accueille sur rendez-vous 06 72 94 72 62 ou par mail isabelle.dufranc@gmail.com Mon cabinet est situ\u00e9 2 impasse Pomi\u00e8s11000 Carcassonne TarifTh\u00e9rapie individuelle 50\u20ac la s\u00e9ance d&rsquo;une heure TarifTh\u00e9rapie de couple 60\u20ac la s\u00e9ance d&rsquo;une heure TarifBilan de comp\u00e9tence RDV d&rsquo;information GRATUIT dans lequel sera abord\u00e9 les diff\u00e9rents [&hellip;]<\/p>\n","protected":false},"author":1,"featured_media":0,"parent":0,"menu_order":0,"comment_status":"closed","ping_status":"closed","template":"","meta":{"footnotes":""},"class_list":["post-45","page","type-page","status-publish","hentry","entry"],"_links":{"self":[{"href":"https:\/\/isabelledufranc.com\/index.php\/wp-json\/wp\/v2\/pages\/45","targetHints":{"allow":["GET"]}}],"collection":[{"href":"https:\/\/isabelledufranc.com\/index.php\/wp-json\/wp\/v2\/pages"}],"about":[{"href":"https:\/\/isabelledufranc.com\/index.php\/wp-json\/wp\/v2\/types\/page"}],"author":[{"embeddable":true,"href":"https:\/\/isabelledufranc.com\/index.php\/wp-json\/wp\/v2\/users\/1"}],"replies":[{"embeddable":true,"href":"https:\/\/isabelledufranc.com\/index.php\/wp-json\/wp\/v2\/comments?post=45"}],"version-history":[{"count":45,"href":"https:\/\/isabelledufranc.com\/index.php\/wp-json\/wp\/v2\/pages\/45\/revisions"}],"predecessor-version":[{"id":551,"href":"https:\/\/isabelledufranc.com\/index.php\/wp-json\/wp\/v2\/pages\/45\/revisions\/551"}],"wp:attachment":[{"href":"https:\/\/isabelledufranc.com\/index.php\/wp-json\/wp\/v2\/media?parent=45"}],"curies":[{"name":"wp","href":"https:\/\/api.w.org\/{rel}","templated":true}]}}